{"id":9823,"date":"2024-11-15T13:06:20","date_gmt":"2024-11-15T13:06:20","guid":{"rendered":"https:\/\/shed.treigys.com\/riga\/offers\/"},"modified":"2024-12-11T09:50:55","modified_gmt":"2024-12-11T09:50:55","slug":"offers","status":"publish","type":"page","link":"https:\/\/dev.shedcoliving.com\/riga\/lv\/offers\/","title":{"rendered":"Pied\u0101v\u0101jumi R\u012bg\u0101"},"content":{"rendered":"\n<figure class=\"wp-block-image size-large\"><img loading=\"lazy\" decoding=\"async\" width=\"1024\" height=\"1024\" src=\"https:\/\/dev.shedcoliving.com\/riga\/wp-content\/uploads\/2024\/12\/50-100-discount-1-scaled-1-1024x1024.jpg\" alt=\"\" class=\"wp-image-9827\" srcset=\"https:\/\/dev.shedcoliving.com\/riga\/wp-content\/uploads\/2024\/12\/50-100-discount-1-scaled-1-1024x1024.jpg 1024w, https:\/\/dev.shedcoliving.com\/riga\/wp-content\/uploads\/2024\/12\/50-100-discount-1-scaled-1-300x300.jpg 300w, https:\/\/dev.shedcoliving.com\/riga\/wp-content\/uploads\/2024\/12\/50-100-discount-1-scaled-1-150x150.jpg 150w, https:\/\/dev.shedcoliving.com\/riga\/wp-content\/uploads\/2024\/12\/50-100-discount-1-scaled-1-768x768.jpg 768w, https:\/\/dev.shedcoliving.com\/riga\/wp-content\/uploads\/2024\/12\/50-100-discount-1-scaled-1-1536x1536.jpg 1536w, https:\/\/dev.shedcoliving.com\/riga\/wp-content\/uploads\/2024\/12\/50-100-discount-1-scaled-1-1920x1920.jpg 1920w, https:\/\/dev.shedcoliving.com\/riga\/wp-content\/uploads\/2024\/12\/50-100-discount-1-scaled-1.jpg 2048w\" sizes=\"auto, (max-width: 1024px) 100vw, 1024px\" \/><\/figure>\n\n\n\n<p>Ja v\u0113l neesi izl\u0113mis par savu studentu izmitin\u0101\u0161anu, stud\u0113jot R\u012bg\u0101, ir lab\u0101k\u0101 iesp\u0113ja rezerv\u0113t k\u0101du no p\u0113d\u0113j\u0101m istab\u0101m par atlaidi! Pied\u0101v\u0101jums ir ierobe\u017eots laik\u0101 (ja rezerv\u0113ts laik\u0101 no 2024.&nbsp;gada 22.&nbsp;augusta l\u012bdz 2024.&nbsp;gada 15.&nbsp;septembrim) un vakanc\u0113m, pasteidzieties un rezerv\u0113jiet uz 10 vai 12 m\u0113ne\u0161iem un sa\u0146emiet 50% vai 100% atlaidi p\u0113d\u0113j\u0101 m\u0113ne\u0161a r\u0113\u0137inam!<br><br>Re\u0123istr\u0113\u0161an\u0101s dien\u0101 neaizmirstiet nor\u0101d\u012bt kodu SHED50 vai SHED100, lai m\u0113s var\u0113tu izmantot \u0161o atlaidi m\u016bsu sist\u0113m\u0101.<\/p>\n\n\n\n<p><\/p>\n\n\n\n<p><\/p>\n\n\n\n<h1 class=\"wp-block-heading\">\u012apa\u0161ais pied\u0101v\u0101jums<\/h1>\n\n\n\n<h2 class=\"wp-block-heading\">Ieg\u016bsti vienreiz\u0113ju \u20ac50 atlaidi! Uzaicini draugu iz\u012br\u0113t apartamentus SHED R\u012bga 23. gada janv\u0101r\u012b vai febru\u0101r\u012b.<\/h2>\n\n\n\n<p>V\u0113lies dz\u012bvot modern\u0101, dzaudzpus\u012bg\u0101 viet\u0101 ar studentiem un jaunajiem profesion\u0101\u013ciem? Tev ir draugs, kur\u0161 pl\u0101no p\u0101rcelties uz dz\u012bvi R\u012bg\u0101 vai nav apmierin\u0101ts ar savu dz\u012bvesvietu? Varb\u016bt tr\u016bkst kopienas, socializ\u0113\u0161an\u0101s un kop\u012bgu pas\u0101kumu? Mums ir risin\u0101jums. Uzaicini draugu dz\u012bvot SHED Co-living R\u012bga un pavadi laiku kop\u0101!<\/p>\n\n\n\n<p><\/p>\n\n\n\n<figure class=\"wp-block-image size-large\"><img loading=\"lazy\" decoding=\"async\" width=\"1024\" height=\"682\" src=\"https:\/\/dev.shedcoliving.com\/riga\/wp-content\/uploads\/2024\/12\/shed-interjers-jelgavas-iela-riga-print-321-scaled-1-1024x682.jpg\" alt=\"\" class=\"wp-image-9829\" srcset=\"https:\/\/dev.shedcoliving.com\/riga\/wp-content\/uploads\/2024\/12\/shed-interjers-jelgavas-iela-riga-print-321-scaled-1-1024x682.jpg 1024w, https:\/\/dev.shedcoliving.com\/riga\/wp-content\/uploads\/2024\/12\/shed-interjers-jelgavas-iela-riga-print-321-scaled-1-300x200.jpg 300w, https:\/\/dev.shedcoliving.com\/riga\/wp-content\/uploads\/2024\/12\/shed-interjers-jelgavas-iela-riga-print-321-scaled-1-768x511.jpg 768w, https:\/\/dev.shedcoliving.com\/riga\/wp-content\/uploads\/2024\/12\/shed-interjers-jelgavas-iela-riga-print-321-scaled-1-1536x1022.jpg 1536w, https:\/\/dev.shedcoliving.com\/riga\/wp-content\/uploads\/2024\/12\/shed-interjers-jelgavas-iela-riga-print-321-scaled-1-1920x1278.jpg 1920w, https:\/\/dev.shedcoliving.com\/riga\/wp-content\/uploads\/2024\/12\/shed-interjers-jelgavas-iela-riga-print-321-scaled-1.jpg 2048w\" sizes=\"auto, (max-width: 1024px) 100vw, 1024px\" \/><\/figure>\n\n\n\n<p>M\u016bsu draudz\u012bgais PERSON\u0100LS gaida Tavu zvanu vai zi\u0146u, nekautr\u0113jies sazin\u0101ties, lai uzzin\u0101tu vair\u0101k!<\/p>\n","protected":false},"excerpt":{"rendered":"<p>Ja v\u0113l neesi izl\u0113mis par savu studentu izmitin\u0101\u0161anu, stud\u0113jot R\u012bg\u0101, ir lab\u0101k\u0101 iesp\u0113ja rezerv\u0113t k\u0101du no p\u0113d\u0113j\u0101m istab\u0101m par atlaidi! Pied\u0101v\u0101jums ir ierobe\u017eots laik\u0101 (ja rezerv\u0113ts laik\u0101 no 2024.&nbsp;gada 22.&nbsp;augusta l\u012bdz 2024.&nbsp;gada 15.&nbsp;septembrim) un vakanc\u0113m, pasteidzieties un rezerv\u0113jiet uz 10 vai 12 m\u0113ne\u0161iem un sa\u0146emiet 50% vai 100% atlaidi p\u0113d\u0113j\u0101 m\u0113ne\u0161a r\u0113\u0137inam! Re\u0123istr\u0113\u0161an\u0101s dien\u0101 neaizmirstiet [&hellip;]<\/p>\n","protected":false},"author":1,"featured_media":0,"parent":0,"menu_order":0,"comment_status":"closed","ping_status":"closed","template":"template-offers.php","meta":{"_acf_changed":false,"inline_featured_image":false,"footnotes":""},"class_list":["post-9823","page","type-page","status-publish","hentry"],"acf":[],"yoast_head":"<!-- This site is optimized with the Yoast SEO plugin v24.6 - https:\/\/yoast.com\/wordpress\/plugins\/seo\/ -->\n<title>Co-living space in Riga - Offers | SHED Co-living<\/title>\n<meta name=\"description\" content=\"SHED co-living spaces for entrepreneurs, students, travelers, and digital nomads. Find out our offers and start your new adventure in Riga, Latvia.\" \/>\n<meta name=\"robots\" content=\"noindex, follow, max-snippet:-1, max-image-preview:large, max-video-preview:-1\" \/>\n<meta property=\"og:locale\" content=\"lv_LV\" \/>\n<meta property=\"og:type\" content=\"article\" \/>\n<meta property=\"og:title\" content=\"Co-living space in Riga - Offers | SHED Co-living\" \/>\n<meta property=\"og:description\" content=\"SHED co-living spaces for entrepreneurs, students, travelers, and digital nomads. Find out our offers and start your new adventure in Riga, Latvia.\" \/>\n<meta property=\"og:url\" content=\"https:\/\/dev.shedcoliving.com\/riga\/offers\/\" \/>\n<meta property=\"og:site_name\" content=\"SHED Co-living\" \/>\n<meta property=\"article:publisher\" content=\"https:\/\/www.facebook.com\/shedcolivingvilnius\/\" \/>\n<meta property=\"article:modified_time\" content=\"2024-12-11T09:50:55+00:00\" \/>\n<meta property=\"og:image\" content=\"https:\/\/dev.shedcoliving.com\/riga\/wp-content\/uploads\/2024\/12\/50-100-discount-1-scaled-1-1024x1024.jpg\" \/>\n<meta name=\"twitter:card\" content=\"summary_large_image\" \/>\n<meta name=\"twitter:label1\" content=\"Est. reading time\" \/>\n\t<meta name=\"twitter:data1\" content=\"2 minutes\" \/>\n<script type=\"application\/ld+json\" class=\"yoast-schema-graph\">{\"@context\":\"https:\/\/schema.org\",\"@graph\":[{\"@type\":\"WebPage\",\"@id\":\"https:\/\/dev.shedcoliving.com\/riga\/offers\/\",\"url\":\"https:\/\/dev.shedcoliving.com\/riga\/offers\/\",\"name\":\"Co-living space in Riga - Offers | SHED Co-living\",\"isPartOf\":{\"@id\":\"https:\/\/dev.shedcoliving.com\/riga\/#website\"},\"primaryImageOfPage\":{\"@id\":\"https:\/\/dev.shedcoliving.com\/riga\/offers\/#primaryimage\"},\"image\":{\"@id\":\"https:\/\/dev.shedcoliving.com\/riga\/offers\/#primaryimage\"},\"thumbnailUrl\":\"https:\/\/dev.shedcoliving.com\/riga\/wp-content\/uploads\/2024\/12\/50-100-discount-1-scaled-1-1024x1024.jpg\",\"datePublished\":\"2024-11-15T13:06:20+00:00\",\"dateModified\":\"2024-12-11T09:50:55+00:00\",\"description\":\"SHED co-living spaces for entrepreneurs, students, travelers, and digital nomads. Find out our offers and start your new adventure in Riga, Latvia.\",\"breadcrumb\":{\"@id\":\"https:\/\/dev.shedcoliving.com\/riga\/offers\/#breadcrumb\"},\"inLanguage\":\"lv-LV\",\"potentialAction\":[{\"@type\":\"ReadAction\",\"target\":[\"https:\/\/dev.shedcoliving.com\/riga\/offers\/\"]}]},{\"@type\":\"ImageObject\",\"inLanguage\":\"lv-LV\",\"@id\":\"https:\/\/dev.shedcoliving.com\/riga\/offers\/#primaryimage\",\"url\":\"https:\/\/dev.shedcoliving.com\/riga\/wp-content\/uploads\/2024\/12\/50-100-discount-1-scaled-1-1024x1024.jpg\",\"contentUrl\":\"https:\/\/dev.shedcoliving.com\/riga\/wp-content\/uploads\/2024\/12\/50-100-discount-1-scaled-1-1024x1024.jpg\"},{\"@type\":\"BreadcrumbList\",\"@id\":\"https:\/\/dev.shedcoliving.com\/riga\/offers\/#breadcrumb\",\"itemListElement\":[{\"@type\":\"ListItem\",\"position\":1,\"name\":\"Home\",\"item\":\"https:\/\/dev.shedcoliving.com\/riga\/\"},{\"@type\":\"ListItem\",\"position\":2,\"name\":\"Pied\u0101v\u0101jumi R\u012bg\u0101\"}]},{\"@type\":\"WebSite\",\"@id\":\"https:\/\/dev.shedcoliving.com\/riga\/#website\",\"url\":\"https:\/\/dev.shedcoliving.com\/riga\/\",\"name\":\"SHED Co-living\",\"description\":\"Build a new version of yourself!\",\"publisher\":{\"@id\":\"https:\/\/dev.shedcoliving.com\/riga\/#organization\"},\"potentialAction\":[{\"@type\":\"SearchAction\",\"target\":{\"@type\":\"EntryPoint\",\"urlTemplate\":\"https:\/\/dev.shedcoliving.com\/riga\/?s={search_term_string}\"},\"query-input\":{\"@type\":\"PropertyValueSpecification\",\"valueRequired\":true,\"valueName\":\"search_term_string\"}}],\"inLanguage\":\"lv-LV\"},{\"@type\":\"Organization\",\"@id\":\"https:\/\/dev.shedcoliving.com\/riga\/#organization\",\"name\":\"Shed Co-living\",\"url\":\"https:\/\/dev.shedcoliving.com\/riga\/\",\"logo\":{\"@type\":\"ImageObject\",\"inLanguage\":\"lv-LV\",\"@id\":\"https:\/\/dev.shedcoliving.com\/riga\/#\/schema\/logo\/image\/\",\"url\":\"https:\/\/dev.shedcoliving.com\/riga\/wp-content\/uploads\/2024\/12\/logo-black.svg\",\"contentUrl\":\"https:\/\/dev.shedcoliving.com\/riga\/wp-content\/uploads\/2024\/12\/logo-black.svg\",\"width\":937,\"height\":347,\"caption\":\"Shed Co-living\"},\"image\":{\"@id\":\"https:\/\/dev.shedcoliving.com\/riga\/#\/schema\/logo\/image\/\"},\"sameAs\":[\"https:\/\/www.facebook.com\/shedcolivingvilnius\/\",\"https:\/\/www.instagram.com\/shed_vilnius\/\"]}]}<\/script>\n<!-- \/ Yoast SEO plugin. -->","yoast_head_json":{"title":"Co-living space in Riga - Offers | SHED Co-living","description":"SHED co-living spaces for entrepreneurs, students, travelers, and digital nomads. Find out our offers and start your new adventure in Riga, Latvia.","robots":{"index":"noindex","follow":"follow","max-snippet":"max-snippet:-1","max-image-preview":"max-image-preview:large","max-video-preview":"max-video-preview:-1"},"og_locale":"lv_LV","og_type":"article","og_title":"Co-living space in Riga - Offers | SHED Co-living","og_description":"SHED co-living spaces for entrepreneurs, students, travelers, and digital nomads. Find out our offers and start your new adventure in Riga, Latvia.","og_url":"https:\/\/dev.shedcoliving.com\/riga\/offers\/","og_site_name":"SHED Co-living","article_publisher":"https:\/\/www.facebook.com\/shedcolivingvilnius\/","article_modified_time":"2024-12-11T09:50:55+00:00","og_image":[{"url":"https:\/\/dev.shedcoliving.com\/riga\/wp-content\/uploads\/2024\/12\/50-100-discount-1-scaled-1-1024x1024.jpg","type":"","width":"","height":""}],"twitter_card":"summary_large_image","twitter_misc":{"Est. reading time":"2 minutes"},"schema":{"@context":"https:\/\/schema.org","@graph":[{"@type":"WebPage","@id":"https:\/\/dev.shedcoliving.com\/riga\/offers\/","url":"https:\/\/dev.shedcoliving.com\/riga\/offers\/","name":"Co-living space in Riga - Offers | SHED Co-living","isPartOf":{"@id":"https:\/\/dev.shedcoliving.com\/riga\/#website"},"primaryImageOfPage":{"@id":"https:\/\/dev.shedcoliving.com\/riga\/offers\/#primaryimage"},"image":{"@id":"https:\/\/dev.shedcoliving.com\/riga\/offers\/#primaryimage"},"thumbnailUrl":"https:\/\/dev.shedcoliving.com\/riga\/wp-content\/uploads\/2024\/12\/50-100-discount-1-scaled-1-1024x1024.jpg","datePublished":"2024-11-15T13:06:20+00:00","dateModified":"2024-12-11T09:50:55+00:00","description":"SHED co-living spaces for entrepreneurs, students, travelers, and digital nomads. Find out our offers and start your new adventure in Riga, Latvia.","breadcrumb":{"@id":"https:\/\/dev.shedcoliving.com\/riga\/offers\/#breadcrumb"},"inLanguage":"lv-LV","potentialAction":[{"@type":"ReadAction","target":["https:\/\/dev.shedcoliving.com\/riga\/offers\/"]}]},{"@type":"ImageObject","inLanguage":"lv-LV","@id":"https:\/\/dev.shedcoliving.com\/riga\/offers\/#primaryimage","url":"https:\/\/dev.shedcoliving.com\/riga\/wp-content\/uploads\/2024\/12\/50-100-discount-1-scaled-1-1024x1024.jpg","contentUrl":"https:\/\/dev.shedcoliving.com\/riga\/wp-content\/uploads\/2024\/12\/50-100-discount-1-scaled-1-1024x1024.jpg"},{"@type":"BreadcrumbList","@id":"https:\/\/dev.shedcoliving.com\/riga\/offers\/#breadcrumb","itemListElement":[{"@type":"ListItem","position":1,"name":"Home","item":"https:\/\/dev.shedcoliving.com\/riga\/"},{"@type":"ListItem","position":2,"name":"Pied\u0101v\u0101jumi R\u012bg\u0101"}]},{"@type":"WebSite","@id":"https:\/\/dev.shedcoliving.com\/riga\/#website","url":"https:\/\/dev.shedcoliving.com\/riga\/","name":"SHED Co-living","description":"Build a new version of yourself!","publisher":{"@id":"https:\/\/dev.shedcoliving.com\/riga\/#organization"},"potentialAction":[{"@type":"SearchAction","target":{"@type":"EntryPoint","urlTemplate":"https:\/\/dev.shedcoliving.com\/riga\/?s={search_term_string}"},"query-input":{"@type":"PropertyValueSpecification","valueRequired":true,"valueName":"search_term_string"}}],"inLanguage":"lv-LV"},{"@type":"Organization","@id":"https:\/\/dev.shedcoliving.com\/riga\/#organization","name":"Shed Co-living","url":"https:\/\/dev.shedcoliving.com\/riga\/","logo":{"@type":"ImageObject","inLanguage":"lv-LV","@id":"https:\/\/dev.shedcoliving.com\/riga\/#\/schema\/logo\/image\/","url":"https:\/\/dev.shedcoliving.com\/riga\/wp-content\/uploads\/2024\/12\/logo-black.svg","contentUrl":"https:\/\/dev.shedcoliving.com\/riga\/wp-content\/uploads\/2024\/12\/logo-black.svg","width":937,"height":347,"caption":"Shed Co-living"},"image":{"@id":"https:\/\/dev.shedcoliving.com\/riga\/#\/schema\/logo\/image\/"},"sameAs":["https:\/\/www.facebook.com\/shedcolivingvilnius\/","https:\/\/www.instagram.com\/shed_vilnius\/"]}]}},"_links":{"self":[{"href":"https:\/\/dev.shedcoliving.com\/riga\/lv\/wp-json\/wp\/v2\/pages\/9823","targetHints":{"allow":["GET"]}}],"collection":[{"href":"https:\/\/dev.shedcoliving.com\/riga\/lv\/wp-json\/wp\/v2\/pages"}],"about":[{"href":"https:\/\/dev.shedcoliving.com\/riga\/lv\/wp-json\/wp\/v2\/types\/page"}],"author":[{"embeddable":true,"href":"https:\/\/dev.shedcoliving.com\/riga\/lv\/wp-json\/wp\/v2\/users\/1"}],"replies":[{"embeddable":true,"href":"https:\/\/dev.shedcoliving.com\/riga\/lv\/wp-json\/wp\/v2\/comments?post=9823"}],"version-history":[{"count":3,"href":"https:\/\/dev.shedcoliving.com\/riga\/lv\/wp-json\/wp\/v2\/pages\/9823\/revisions"}],"predecessor-version":[{"id":9833,"href":"https:\/\/dev.shedcoliving.com\/riga\/lv\/wp-json\/wp\/v2\/pages\/9823\/revisions\/9833"}],"wp:attachment":[{"href":"https:\/\/dev.shedcoliving.com\/riga\/lv\/wp-json\/wp\/v2\/media?parent=9823"}],"curies":[{"name":"wp","href":"https:\/\/api.w.org\/{rel}","templated":true}]}}