{"id":10328,"date":"2024-11-12T09:41:28","date_gmt":"2024-11-12T09:41:28","guid":{"rendered":"https:\/\/shed.treigys.com\/krakow\/privacy-policy\/"},"modified":"2025-01-09T16:01:39","modified_gmt":"2025-01-09T16:01:39","slug":"privacy-policy","status":"publish","type":"page","link":"https:\/\/dev.shedcoliving.com\/krakow\/pl\/privacy-policy\/","title":{"rendered":"Polityka Prywatno\u015bci"},"content":{"rendered":"\n<p>Data wej\u015bcia w \u017cycie: 1 lutego 2023 r<\/p>\n\n\n\n<p>&#8222;SHED Krakow &#8221; &#8222;UAB \u201eSHED Vilnius\u201d i SIA \u201eJ12\u201d (\u201emy\u201d, \u201enas\u201d, \u201eFirma\u201d) jest administratorem danych osobowych, kt\u00f3re nam przekazujesz. Prowadzimy stron\u0119 internetow\u0105 www.shedcoliving.com (\u201eWitryna\u201d), aby dostarcza\u0107 naszym u\u017cytkownikom (\u201eTy\u201d i \u201eTw\u00f3j\u201d) informacje o naszych us\u0142ugach (\u201eUs\u0142ugi\u201d).<\/p>\n\n\n\n<p>W niniejszym dokumencie opisujemy, w jaki spos\u00f3b zbieramy, wykorzystujemy i przetwarzamy Twoje dane, gdy korzystasz z naszej Witryny. Korzystaj\u0105c z Us\u0142ug, wyra\u017casz zgod\u0119 na gromadzenie i wykorzystywanie informacji zgodnie z niniejsz\u0105 Polityk\u0105 prywatno\u015bci.<\/p>\n\n\n\n<p>Przetwarzaj\u0105c Twoje dane przestrzegamy Rozporz\u0105dzenia Parlamentu Europejskiego i Rady (UE) 2016\/679 z dnia 27 kwietnia 2016 r. w sprawie ochrony os\u00f3b fizycznych w zwi\u0105zku z przetwarzaniem danych osobowych i w sprawie swobodnego przep\u0142ywu takich danych i uchylenia dyrektywy 95\/46\/WE (og\u00f3lne rozporz\u0105dzenie o ochronie danych) (\u201eRODO\u201d) oraz innych obowi\u0105zuj\u0105cych przepis\u00f3w o ochronie danych.<\/p>\n\n\n\n<p>Nale\u017cy pami\u0119ta\u0107, \u017ce niniejsza Polityka prywatno\u015bci dotyczy wy\u0142\u0105cznie Serwisu Internetowego. Niniejsza Witryna mo\u017ce zawiera\u0107 \u0142\u0105cza do innych witryn, kt\u00f3re nie s\u0105 przez nas obs\u0142ugiwane ani kontrolowane. \u0141\u0105cza z tej Witryny nie oznaczaj\u0105, \u017ce popieramy lub recenzujemy takie witryny os\u00f3b trzecich.<\/p>\n\n\n\n<p><strong>I. Informacje o nas (administratorach danych):<\/strong><\/p>\n\n\n\n<p>UAB SHED Vilnius<br>Zarejestrowana pod numerem: 306070275<br>Adres: Rasu street 9, Wilno, Litwa<br>E-mail: vilnius@dev.shedcoliving.com<\/p>\n\n\n\n<p>SIA J12<br>Zarejestrowana pod numerem: 40203133168<br>Adres: M\u016bkusalas iela 42A, Ryga, \u0141otwa<br>E-mail: riga@dev.shedcoliving.com<\/p>\n\n\n\n<p><em>SHED Krakow<br>Zarejestrowana pod numerem: 386197489<br>Reg. address: Aleja 3 Maja 51A, 30-062, Krak\u00f3w, Poland<\/em><\/p>\n\n\n\n<p><em><a href=\"Adres:\">E-mail:<\/a> krakow@dev.shedcoliving.com <\/em><\/p>\n\n\n\n<p><strong>II. Informacja o inspektorze ochrony danych:<\/strong><\/p>\n\n\n\n<p><br>Nie powo\u0142uje si\u0119 inspektora ochrony danych.<\/p>\n\n\n\n<p><\/p>\n\n\n\n<p><strong>III. Jakie informacje zbieramy?<\/strong><\/p>\n\n\n\n<p><br>Gromadzimy i wykorzystujemy nast\u0119puj\u0105ce informacje:<\/p>\n\n\n\n<ol class=\"wp-block-list\">\n<li><strong>Dane osobowe<\/strong><\/li>\n<\/ol>\n\n\n\n<p>Kiedy korzystasz z naszej Witryny, mo\u017cemy zbiera\u0107 pewne dane osobowe na Tw\u00f3j temat (\u201eDane osobowe\u201d), tj. gdy dobrowolnie podajesz takie informacje, np. kiedy korzystasz z naszych Us\u0142ug, kontaktujesz si\u0119 z nami w sprawie zapyta\u0144 itp. Gdziekolwiek gromadzimy Dane Osobowe udost\u0119pniamy link do niniejszej Polityki prywatno\u015bci.<\/p>\n\n\n\n<p><\/p>\n\n\n\n<ol start=\"2\" class=\"wp-block-list\">\n<li><strong>Dane o u\u017cytkowaniu<\/strong><\/li>\n<\/ol>\n\n\n\n<p>Mo\u017cemy r\u00f3wnie\u017c gromadzi\u0107 informacje, kt\u00f3re Twoja przegl\u0105darka wysy\u0142a za ka\u017cdym razem, gdy odwiedzasz nasz\u0105 Witryn\u0119 lub gdy uzyskujesz dost\u0119p do Witryny za pomoc\u0105 urz\u0105dzenia mobilnego (\u201eDane o u\u017cytkowaniu\u201d).<br>Te Dane o u\u017cytkowaniu mog\u0105 zawiera\u0107 informacje, takie jak adresy IP, rodzaj u\u017cywanej przegl\u0105darki i urz\u0105dzenia, stron\u0119 internetow\u0105 odwiedzon\u0105 przed odwiedzeniem naszych witryn oraz identyfikatory powi\u0105zane z urz\u0105dzeniami.<br>Gdy uzyskujesz dost\u0119p do Witryny za pomoc\u0105 urz\u0105dzenia mobilnego lub za jego po\u015brednictwem, Dane o u\u017cytkowaniu mog\u0105 obejmowa\u0107 takie informacje, jak rodzaj u\u017cywanego urz\u0105dzenia mobilnego, unikalny identyfikator urz\u0105dzenia mobilnego, adres IP urz\u0105dzenia mobilnego, mobilny system operacyjny, typ mobilna przegl\u0105darka internetowa, z kt\u00f3rej korzystasz, unikalne identyfikatory urz\u0105dze\u0144 i inne dane diagnostyczne.<br>Nale\u017cy pami\u0119ta\u0107, \u017ce takie informacje, kt\u00f3re s\u0105 gromadzone pasywnie przy u\u017cyciu r\u00f3\u017cnych technologii, nie mog\u0105 obecnie s\u0142u\u017cy\u0107 do konkretnej identyfikacji u\u017cytkownika. Ta Witryna mo\u017ce wykorzystywa\u0107 takie informacje i \u0142\u0105czy\u0107 je z innymi informacjami w celu \u015bledzenia, na przyk\u0142ad, ca\u0142kowitej liczby odwiedzaj\u0105cych nasz\u0105 Witryn\u0119, liczby odwiedzaj\u0105cych ka\u017cd\u0105 stron\u0119 naszej Witryny, nazw domen dostawc\u00f3w us\u0142ug internetowych naszych go\u015bci oraz w jaki spos\u00f3b nasi u\u017cytkownicy korzystaj\u0105 z Us\u0142ug i wchodz\u0105 z nimi w interakcje<\/p>\n\n\n\n<ol start=\"3\" class=\"wp-block-list\">\n<li><strong>\u015aledzenie danych plik\u00f3w cookie<\/strong><\/li>\n<\/ol>\n\n\n\n<p>U\u017cywamy plik\u00f3w cookie i podobnych technologii \u015bledzenia, aby \u015bledzi\u0107 aktywno\u015b\u0107 w naszej Witrynie i przechowywa\u0107 okre\u015blone informacje. Odwied\u017a nasz\u0105 Polityk\u0119 plik\u00f3w cookie, aby dowiedzie\u0107 si\u0119 wi\u0119cej.<\/p>\n\n\n\n<p><\/p>\n\n\n\n<p><strong>IV. Zbierane i przetwarzane Dane Osobowe, cele i podstawy prawne przetwarzania Danych Osobowych, a tak\u017ce warunki przechowywania Danych Osobowych.<\/strong><\/p>\n\n\n\n<p><\/p>\n\n\n\n<p>Cele przetwarzania danych<\/p>\n\n\n\n<p>W celu rezerwacji pokoju<\/p>\n\n\n\n<p>Gromadzone i przetwarzane dane<\/p>\n\n\n\n<p>Imi\u0119<br>Nazwisko<br>Data urodzenia<br>Adres<br>P\u0142e\u0107<br>Adres e-mail<br>Numer telefonu<br>Nazwa uczelni i rok studi\u00f3w<\/p>\n\n\n\n<p>Podstawa prawna przetwarzania<\/p>\n\n\n\n<p>Przetwarzanie jest niezb\u0119dne do wykonania umowy, kt\u00f3rej stron\u0105 jest osoba, kt\u00f3rej dane dotycz\u0105, lub do podj\u0119cia dzia\u0142a\u0144 na \u017c\u0105danie osoby, kt\u00f3rej dane dotycz\u0105, przed zawarciem umowy (art. 6 ust. 1 lit. b RODO)<\/p>\n\n\n\n<p>10 (dziesi\u0119\u0107) lat od dnia wykonania umowy<\/p>\n\n\n\n<p>W celu realizacji rozlicze\u0144 i innych p\u0142atno\u015bci, zgodnie z zasadami rachunkowo\u015bci<\/p>\n\n\n\n<p>Imi\u0119<br>Nazwisko<br>Numer karty kredytowej<br>Numer konta bankowego<\/p>\n\n\n\n<p>Przetwarzanie jest niezb\u0119dne do wype\u0142nienia obowi\u0105zku prawnego ci\u0105\u017c\u0105cego na administratorze (art. 6 ust. 1 lit. c RODO), tj. do wype\u0142nienia obowi\u0105zku prawnego (wystawianie lub przechowywanie faktur i innych dokument\u00f3w ksi\u0119gowych itp.)<\/p>\n\n\n\n<p>10 (dziesi\u0119\u0107) lat od dnia wykonania umowy<\/p>\n\n\n\n<p>W celu komunikacji za po\u015brednictwem Witryny, na przyk\u0142ad w celu udzielenia odpowiedzi na \u017c\u0105danie osoby, kt\u00f3rej dane dotycz\u0105<\/p>\n\n\n\n<p>Nazwa<br>Adres e-mail<\/p>\n\n\n\n<p>Przetwarzanie jest niezb\u0119dne do podj\u0119cia dzia\u0142a\u0144 na \u017c\u0105danie osoby, kt\u00f3rej dane dotycz\u0105, przed zawarciem umowy (art. 6 ust. 1 lit. b RODO)<\/p>\n\n\n\n<p>1 (jeden) rok od daty ostatniej korespondencji z osob\u0105, kt\u00f3rej dane dotycz\u0105<\/p>\n\n\n\n<p>U\u017cywamy danych osobowych do r\u00f3\u017cnych cel\u00f3w okre\u015blonych w niniejszej Polityce prywatno\u015bci. Je\u015bli przekazujesz Dane Osobowe z okre\u015blonego powodu, mo\u017cemy wykorzystywa\u0107 Dane Osobowe w zwi\u0105zku z powodem, dla kt\u00f3rego zosta\u0142y przekazane. Na przyk\u0142ad, je\u015bli skontaktujesz si\u0119 z nami za po\u015brednictwem poczty elektronicznej, wykorzystamy podane przez Ciebie Dane Osobowe, aby odpowiedzie\u0107 na Twoje pytanie lub rozwi\u0105za\u0107 Tw\u00f3j problem. Ponadto, je\u015bli podasz Dane Osobowe w celu uzyskania dost\u0119pu do Us\u0142ug, wykorzystamy Twoje Dane Osobowe, aby zapewni\u0107 Ci dost\u0119p do takich us\u0142ug i monitorowa\u0107 korzystanie z takich us\u0142ug.<\/p>\n\n\n\n<p>My oraz nasze sp\u00f3\u0142ki zale\u017cne i stowarzyszone (\u201eFirmy powi\u0105zane\u201d) mo\u017cemy r\u00f3wnie\u017c wykorzystywa\u0107 Twoje Dane Osobowe i inne dane osobowe zebrane za po\u015brednictwem Witryny, aby pom\u00f3c nam ulepszy\u0107 zawarto\u015b\u0107 i funkcjonalno\u015b\u0107 Witryny, lepiej zrozumie\u0107 naszych u\u017cytkownik\u00f3w i ulepszy\u0107 Us\u0142ugi. My i nasze Sp\u00f3\u0142ki Powi\u0105zane mo\u017cemy wykorzystywa\u0107 te informacje do komunikowania si\u0119 z Tob\u0105 w sprawie Us\u0142ug.<\/p>\n\n\n\n<p><\/p>\n\n\n\n<p><strong>V. Czy jeste\u015b zobowi\u0105zany do podania nam Danych Osobowych?<\/strong><\/p>\n\n\n\n<p><\/p>\n\n\n\n<p>Pami\u0119taj, \u017ce aby m\u00f3c korzysta\u0107 z naszych Us\u0142ug, musisz poda\u0107 nam wy\u017cej wymienione Dane Osobowe.<\/p>\n\n\n\n<p><\/p>\n\n\n\n<p><strong>VI. Sk\u0105d pozyskujemy Twoje dane osobowe (sk\u0105d pochodz\u0105 dane)?<\/strong><\/p>\n\n\n\n<p><\/p>\n\n\n\n<p>Otrzymujemy dane bezpo\u015brednio od Ciebie, tj. gdy podajesz swoje Dane Osobowe za po\u015brednictwem naszej Strony Internetowej.<\/p>\n\n\n\n<p>Informacje, kt\u00f3re nam przekazujesz, w tym dane osobowe, mog\u0105 by\u0107 przesy\u0142ane i przechowywane na komputerach znajduj\u0105cych si\u0119 poza twoim stanem, prowincj\u0105, krajem lub inn\u0105 jurysdykcj\u0105 rz\u0105dow\u0105, w kt\u00f3rej przepisy dotycz\u0105ce ochrony danych mog\u0105 r\u00f3\u017cni\u0107 si\u0119 od przepis\u00f3w obowi\u0105zuj\u0105cych w twojej jurysdykcji. dobrowolnie przekazuj\u0105c nam Dane Osobowe, wyra\u017casz zgod\u0119 na ich wykorzystanie zgodnie z niniejsz\u0105 Polityk\u0105 Prywatno\u015bci.<br>Nale\u017cy pami\u0119ta\u0107, \u017ce nie udost\u0119pnimy Twoich danych osobowych innym osobom bez Twojej zgody, z wyj\u0105tkiem nast\u0119puj\u0105cych cel\u00f3w:<\/p>\n\n\n\n<ol class=\"wp-block-list\">\n<li><strong>Inni pracuj\u0105cy dla nas (us\u0142ugodawcy)<\/strong><\/li>\n<\/ol>\n\n\n\n<p>Mo\u017cemy korzysta\u0107 z us\u0142ug niekt\u00f3rych zaufanych stron trzecich (na przyk\u0142ad dostawc\u00f3w wsparcia klienta i us\u0142ug IT, us\u0142ug ksi\u0119gowych), aby pom\u00f3c nam udoskonali\u0107 nasz\u0105 Witryn\u0119. Te strony trzecie mog\u0105 uzyskiwa\u0107 dost\u0119p do informacji wy\u0142\u0105cznie w celu wykonywania zada\u0144 w naszym imieniu zgodnie z niniejsz\u0105 Polityk\u0105 prywatno\u015bci, a my pozostajemy odpowiedzialni za przetwarzanie przez nie informacji zgodnie z naszymi instrukcjami.<\/p>\n\n\n\n<ol start=\"2\" class=\"wp-block-list\">\n<li><strong>Sp\u00f3\u0142ki powi\u0105zane<\/strong><\/li>\n<\/ol>\n\n\n\n<p>Mo\u017cemy r\u00f3wnie\u017c udost\u0119pnia\u0107 Twoje Dane Osobowe naszym Sp\u00f3\u0142kom Powi\u0105zanym w celach zgodnych z niniejsz\u0105 Polityk\u0105 Prywatno\u015bci. Anga\u017cujemy strony trzecie, kt\u00f3re b\u0119d\u0105 dzia\u0142a\u0107 jako podmioty przetwarzaj\u0105ce dane i podrz\u0119dne podmioty przetwarzaj\u0105ce do przetwarzania danych osobowych, kt\u00f3re zbieramy od Ciebie. Firmy takie czyni\u0105 to na podstawie pisemnych instrukcji, umowy powierzenia przetwarzania danych RODO, s\u0105 zobowi\u0105zane do zachowania poufno\u015bci oraz s\u0105 zobowi\u0105zane do wdro\u017cenia odpowiednich \u015brodk\u00f3w technicznych i organizacyjnych zapewniaj\u0105cych bezpiecze\u0144stwo danych. Mog\u0105 by\u0107 zaanga\u017cowani mi\u0119dzy innymi w realizacj\u0119 Twojego zam\u00f3wienia, przetwarzanie Twoich danych p\u0142atniczych i \u015bwiadczenie us\u0142ug wsparcia. Przesy\u0142aj\u0105c swoje dane osobowe, wyra\u017casz zgod\u0119 na to przekazanie, przechowywanie lub przetwarzanie. Podejmiemy wszelkie uzasadnione kroki, aby zapewni\u0107, \u017ce Twoje dane s\u0105 traktowane w spos\u00f3b bezpieczny i zgodny z niniejsz\u0105 polityk\u0105 prywatno\u015bci.<\/p>\n\n\n\n<p><\/p>\n\n\n\n<ol start=\"3\" class=\"wp-block-list\">\n<li><strong>Transfery biznesowe<\/strong><\/li>\n<\/ol>\n\n\n\n<p>W miar\u0119 rozwoju naszej dzia\u0142alno\u015bci mo\u017cemy sprzedawa\u0107 lub kupowa\u0107 firmy lub aktywa. W przypadku sprzeda\u017cy przedsi\u0119biorstwa, fuzji, reorganizacji, rozwi\u0105zania lub podobnego zdarzenia, Dane Osobowe mog\u0105 stanowi\u0107 cz\u0119\u015b\u0107 przekazywanych aktyw\u00f3w.<\/p>\n\n\n\n<ol start=\"4\" class=\"wp-block-list\">\n<li><strong>Prawo i porz\u0105dek<\/strong><\/li>\n<\/ol>\n\n\n\n<p>Mo\u017cemy ujawni\u0107 Twoje dane stronom trzecim, je\u015bli stwierdzimy, \u017ce takie ujawnienie jest uzasadnione w celu (a) zachowania zgodno\u015bci z prawem; (b) chroni\u0107 jak\u0105kolwiek osob\u0119 przed \u015bmierci\u0105 lub powa\u017cnym uszkodzeniem cia\u0142a; (c) zapobiega\u0107 oszustwom lub nadu\u017cyciom wobec nas lub naszych u\u017cytkownik\u00f3w; lub (d) chroni\u0107 nasze prawa w\u0142asno\u015bci.<\/p>\n\n\n\n<p>Nie przekazujemy Twoich Danych Osobowych do pa\u0144stwa trzeciego ani organizacji mi\u0119dzynarodowej, tj. poza Uni\u0119 Europejsk\u0105, chyba \u017ce wymaga tego prawo lub s\u0105dy lub gdy jest to wymagane do realizacji jednego z cel\u00f3w okre\u015blonych w niniejszej Polityce.<\/p>\n\n\n\n<p><\/p>\n\n\n\n<p><strong>VIII. Prawa os\u00f3b, kt\u00f3rych dane dotycz\u0105<\/strong><\/p>\n\n\n\n<p><\/p>\n\n\n\n<p>W zwi\u0105zku z przekazaniem Twoich Danych Osobowych za po\u015brednictwem naszej Strony Internetowej oraz zgodnie z RODO przys\u0142uguj\u0105 Ci nast\u0119puj\u0105ce prawa:<\/p>\n\n\n\n<ul class=\"wp-block-list\">\n<li>prawo do bycia poinformowanym o przetwarzaniu danych;<\/li>\n\n\n\n<li>prawo dost\u0119pu;<\/li>\n\n\n\n<li>prawo do sprostowania;<\/li>\n\n\n\n<li>prawo do usuni\u0119cia (\u201eprawo do bycia zapomnianym\u201d);<\/li>\n\n\n\n<li>prawo do przenoszenia danych;<\/li>\n\n\n\n<li>prawo do ograniczenia przetwarzania;<\/li>\n\n\n\n<li>prawo do sprzeciwu<\/li>\n<\/ul>\n\n\n\n<p>Informujemy, \u017ce przys\u0142uguje Pa\u0144stwu prawo wniesienia skargi do organu ochrony danych.<\/p>\n\n\n\n<p>Na Litwie:<br>Pa\u0144stwowa Inspekcja Ochrony Danych<br>Adres: L. Sapiegos str. 17, LT-10312 Wilno, Litwa<br>E-mail ada@ada.lt<\/p>\n\n\n\n<p>Na \u0141otwie:<br>Inspektorat Stanu Danych<br>Adres: Elijas str. 17, Ryga, LV-1050 Litwa<br>E-mail: info@dvi.gov.lv<\/p>\n\n\n\n<p>W Polsce<br>Prezes Urz\u0119du Ochrony Danych Osobowych<br>Adres: ul. Stawki 2, 00-193 Warszawa<br>Email: kancelaria@uodo.gov.pl <\/p>\n\n\n\n<p>Masz r\u00f3wnie\u017c prawo do cofni\u0119cia zgody (je\u015bli j\u0105 wyrazi\u0142e\u015b) na przetwarzanie Twoich Danych Osobowych w dowolnym momencie. Mo\u017cesz wycofa\u0107 swoj\u0105 zgod\u0119 w dowolnym momencie ustnie pod numerem telefonu: +370 657 88805 lub +371 29551154 lub <a href=\"tel:+48601918181\">+48 601 91 81 81<\/a> pisemnie na adres e-mail vilnius@dev.shedcoliving.com lub riga@dev.shedcoliving.com lub  <a href=\"mailto:krakow@dev.shedcoliving.com\">krakow@dev.shedcoliving.com<\/a>  wysy\u0142aj\u0105c zawiadomienie na adres Santar\u0173 ul. 3, Wilno, Litwa lub Jelgavas ul. 8\/12, Ryga, \u0141otwa lub Aleja 3 Maja 51A, 30-062, Krak\u00f3w, Poland. Wycofanie zgody nie wp\u0142ywa na zgodno\u015b\u0107 z prawem przetwarzania, kt\u00f3rego dokonano na podstawie zgody przed jej wycofaniem.<\/p>\n\n\n\n<p>Aby skorzysta\u0107 z ww. uprawnie\u0144, nale\u017cy z\u0142o\u017cy\u0107 pisemne \u017c\u0105danie w spos\u00f3b umo\u017cliwiaj\u0105cy Pa\u0144stwa identyfikacj\u0119, tj. potwierdzenie to\u017csamo\u015bci. Nie przetwarzamy wniosk\u00f3w bez mo\u017cliwo\u015bci identyfikacji wnioskodawcy.<\/p>\n\n\n\n<p><\/p>\n\n\n\n<p><strong>IX. Zmiany<\/strong><\/p>\n\n\n\n<p><\/p>\n\n\n\n<p>Od czasu do czasu mo\u017cemy aktualizowa\u0107 nasz\u0105 Polityk\u0119 prywatno\u015bci. Powiadomimy Ci\u0119 o wszelkich zmianach, publikuj\u0105c now\u0105 Polityk\u0119 prywatno\u015bci na tej stronie.<br>Zaleca si\u0119 okresowe przegl\u0105danie niniejszej Polityki prywatno\u015bci pod k\u0105tem wszelkich zmian. Niniejsza Polityka prywatno\u015bci zosta\u0142a ostatnio zaktualizowana w dniu wskazanym powy\u017cej. Dalsze korzystanie z Witryny po wprowadzeniu jakichkolwiek zmian lub poprawek do niniejszej Polityki prywatno\u015bci oznacza zgod\u0119 na warunki takiej zmienionej Polityki prywatno\u015bci<\/p>\n","protected":false},"excerpt":{"rendered":"<p>Data wej\u015bcia w \u017cycie: 1 lutego 2023 r &#8222;SHED Krakow &#8221; &#8222;UAB \u201eSHED Vilnius\u201d i SIA \u201eJ12\u201d (\u201emy\u201d, \u201enas\u201d, \u201eFirma\u201d) jest administratorem danych osobowych, kt\u00f3re nam przekazujesz. Prowadzimy stron\u0119 internetow\u0105 www.shedcoliving.com (\u201eWitryna\u201d), aby dostarcza\u0107 naszym u\u017cytkownikom (\u201eTy\u201d i \u201eTw\u00f3j\u201d) informacje o naszych us\u0142ugach (\u201eUs\u0142ugi\u201d). W niniejszym dokumencie opisujemy, w jaki spos\u00f3b zbieramy, wykorzystujemy i przetwarzamy [&hellip;]<\/p>\n","protected":false},"author":1,"featured_media":0,"parent":0,"menu_order":0,"comment_status":"closed","ping_status":"closed","template":"template-policy.php","meta":{"_acf_changed":false,"inline_featured_image":false,"footnotes":""},"class_list":["post-10328","page","type-page","status-publish","hentry"],"acf":[],"yoast_head":"<!-- This site is optimized with the Yoast SEO plugin v27.1.1 - https:\/\/yoast.com\/product\/yoast-seo-wordpress\/ -->\n<title>Polityka Prywatno\u015bci - SHED Co-living<\/title>\n<meta name=\"robots\" content=\"noindex, follow, max-snippet:-1, max-image-preview:large, max-video-preview:-1\" \/>\n<meta property=\"og:locale\" content=\"pl_PL\" \/>\n<meta property=\"og:type\" content=\"article\" \/>\n<meta property=\"og:title\" content=\"Polityka Prywatno\u015bci - SHED Co-living\" \/>\n<meta property=\"og:description\" content=\"Data wej\u015bcia w \u017cycie: 1 lutego 2023 r &#8222;SHED Krakow &#8221; &#8222;UAB \u201eSHED Vilnius\u201d i SIA \u201eJ12\u201d (\u201emy\u201d, \u201enas\u201d, \u201eFirma\u201d) jest administratorem danych osobowych, kt\u00f3re nam przekazujesz. Prowadzimy stron\u0119 internetow\u0105 www.shedcoliving.com (\u201eWitryna\u201d), aby dostarcza\u0107 naszym u\u017cytkownikom (\u201eTy\u201d i \u201eTw\u00f3j\u201d) informacje o naszych us\u0142ugach (\u201eUs\u0142ugi\u201d). W niniejszym dokumencie opisujemy, w jaki spos\u00f3b zbieramy, wykorzystujemy i przetwarzamy [&hellip;]\" \/>\n<meta property=\"og:url\" content=\"https:\/\/dev.shedcoliving.com\/krakow\/privacy-policy\/\" \/>\n<meta property=\"og:site_name\" content=\"SHED Co-living\" \/>\n<meta property=\"article:publisher\" content=\"https:\/\/www.facebook.com\/shedcolivingvilnius\/\" \/>\n<meta property=\"article:modified_time\" content=\"2025-01-09T16:01:39+00:00\" \/>\n<meta property=\"og:image\" content=\"https:\/\/dev.shedcoliving.com\/krakow\/wp-content\/uploads\/2024\/12\/shedcoliving-facebook-og-image-1.png\" \/>\n\t<meta property=\"og:image:width\" content=\"2048\" \/>\n\t<meta property=\"og:image:height\" content=\"1075\" \/>\n\t<meta property=\"og:image:type\" content=\"image\/png\" \/>\n<meta name=\"twitter:card\" content=\"summary_large_image\" \/>\n<meta name=\"twitter:label1\" content=\"Szacowany czas czytania\" \/>\n\t<meta name=\"twitter:data1\" content=\"7 minut\" \/>\n<script type=\"application\/ld+json\" class=\"yoast-schema-graph\">{\"@context\":\"https:\/\/schema.org\",\"@graph\":[{\"@type\":\"WebPage\",\"@id\":\"https:\/\/dev.shedcoliving.com\/krakow\/privacy-policy\/\",\"url\":\"https:\/\/dev.shedcoliving.com\/krakow\/privacy-policy\/\",\"name\":\"Polityka Prywatno\u015bci - SHED Co-living\",\"isPartOf\":{\"@id\":\"https:\/\/dev.shedcoliving.com\/krakow\/#website\"},\"datePublished\":\"2024-11-12T09:41:28+00:00\",\"dateModified\":\"2025-01-09T16:01:39+00:00\",\"breadcrumb\":{\"@id\":\"https:\/\/dev.shedcoliving.com\/krakow\/privacy-policy\/#breadcrumb\"},\"inLanguage\":\"pl-PL\",\"potentialAction\":[{\"@type\":\"ReadAction\",\"target\":[\"https:\/\/dev.shedcoliving.com\/krakow\/privacy-policy\/\"]}]},{\"@type\":\"BreadcrumbList\",\"@id\":\"https:\/\/dev.shedcoliving.com\/krakow\/privacy-policy\/#breadcrumb\",\"itemListElement\":[{\"@type\":\"ListItem\",\"position\":1,\"name\":\"Home\",\"item\":\"https:\/\/dev.shedcoliving.com\/krakow\/pl\/\"},{\"@type\":\"ListItem\",\"position\":2,\"name\":\"Polityka Prywatno\u015bci\"}]},{\"@type\":\"WebSite\",\"@id\":\"https:\/\/dev.shedcoliving.com\/krakow\/#website\",\"url\":\"https:\/\/dev.shedcoliving.com\/krakow\/\",\"name\":\"SHED Co-living\",\"description\":\"Build a new version of yourself!\",\"publisher\":{\"@id\":\"https:\/\/dev.shedcoliving.com\/krakow\/#organization\"},\"potentialAction\":[{\"@type\":\"SearchAction\",\"target\":{\"@type\":\"EntryPoint\",\"urlTemplate\":\"https:\/\/dev.shedcoliving.com\/krakow\/?s={search_term_string}\"},\"query-input\":{\"@type\":\"PropertyValueSpecification\",\"valueRequired\":true,\"valueName\":\"search_term_string\"}}],\"inLanguage\":\"pl-PL\"},{\"@type\":\"Organization\",\"@id\":\"https:\/\/dev.shedcoliving.com\/krakow\/#organization\",\"name\":\"Shed Co-living\",\"url\":\"https:\/\/dev.shedcoliving.com\/krakow\/\",\"logo\":{\"@type\":\"ImageObject\",\"inLanguage\":\"pl-PL\",\"@id\":\"https:\/\/dev.shedcoliving.com\/krakow\/#\/schema\/logo\/image\/\",\"url\":\"https:\/\/dev.shedcoliving.com\/krakow\/wp-content\/uploads\/2024\/12\/logo-black.svg\",\"contentUrl\":\"https:\/\/dev.shedcoliving.com\/krakow\/wp-content\/uploads\/2024\/12\/logo-black.svg\",\"width\":937,\"height\":347,\"caption\":\"Shed Co-living\"},\"image\":{\"@id\":\"https:\/\/dev.shedcoliving.com\/krakow\/#\/schema\/logo\/image\/\"},\"sameAs\":[\"https:\/\/www.facebook.com\/shedcolivingvilnius\/\",\"https:\/\/www.instagram.com\/shed_vilnius\/\"]}]}<\/script>\n<!-- \/ Yoast SEO plugin. -->","yoast_head_json":{"title":"Polityka Prywatno\u015bci - SHED Co-living","robots":{"index":"noindex","follow":"follow","max-snippet":"max-snippet:-1","max-image-preview":"max-image-preview:large","max-video-preview":"max-video-preview:-1"},"og_locale":"pl_PL","og_type":"article","og_title":"Polityka Prywatno\u015bci - SHED Co-living","og_description":"Data wej\u015bcia w \u017cycie: 1 lutego 2023 r &#8222;SHED Krakow &#8221; &#8222;UAB \u201eSHED Vilnius\u201d i SIA \u201eJ12\u201d (\u201emy\u201d, \u201enas\u201d, \u201eFirma\u201d) jest administratorem danych osobowych, kt\u00f3re nam przekazujesz. Prowadzimy stron\u0119 internetow\u0105 www.shedcoliving.com (\u201eWitryna\u201d), aby dostarcza\u0107 naszym u\u017cytkownikom (\u201eTy\u201d i \u201eTw\u00f3j\u201d) informacje o naszych us\u0142ugach (\u201eUs\u0142ugi\u201d). W niniejszym dokumencie opisujemy, w jaki spos\u00f3b zbieramy, wykorzystujemy i przetwarzamy [&hellip;]","og_url":"https:\/\/dev.shedcoliving.com\/krakow\/privacy-policy\/","og_site_name":"SHED Co-living","article_publisher":"https:\/\/www.facebook.com\/shedcolivingvilnius\/","article_modified_time":"2025-01-09T16:01:39+00:00","og_image":[{"width":2048,"height":1075,"url":"https:\/\/dev.shedcoliving.com\/krakow\/wp-content\/uploads\/2024\/12\/shedcoliving-facebook-og-image-1.png","type":"image\/png"}],"twitter_card":"summary_large_image","twitter_misc":{"Szacowany czas czytania":"7 minut"},"schema":{"@context":"https:\/\/schema.org","@graph":[{"@type":"WebPage","@id":"https:\/\/dev.shedcoliving.com\/krakow\/privacy-policy\/","url":"https:\/\/dev.shedcoliving.com\/krakow\/privacy-policy\/","name":"Polityka Prywatno\u015bci - SHED Co-living","isPartOf":{"@id":"https:\/\/dev.shedcoliving.com\/krakow\/#website"},"datePublished":"2024-11-12T09:41:28+00:00","dateModified":"2025-01-09T16:01:39+00:00","breadcrumb":{"@id":"https:\/\/dev.shedcoliving.com\/krakow\/privacy-policy\/#breadcrumb"},"inLanguage":"pl-PL","potentialAction":[{"@type":"ReadAction","target":["https:\/\/dev.shedcoliving.com\/krakow\/privacy-policy\/"]}]},{"@type":"BreadcrumbList","@id":"https:\/\/dev.shedcoliving.com\/krakow\/privacy-policy\/#breadcrumb","itemListElement":[{"@type":"ListItem","position":1,"name":"Home","item":"https:\/\/dev.shedcoliving.com\/krakow\/pl\/"},{"@type":"ListItem","position":2,"name":"Polityka Prywatno\u015bci"}]},{"@type":"WebSite","@id":"https:\/\/dev.shedcoliving.com\/krakow\/#website","url":"https:\/\/dev.shedcoliving.com\/krakow\/","name":"SHED Co-living","description":"Build a new version of yourself!","publisher":{"@id":"https:\/\/dev.shedcoliving.com\/krakow\/#organization"},"potentialAction":[{"@type":"SearchAction","target":{"@type":"EntryPoint","urlTemplate":"https:\/\/dev.shedcoliving.com\/krakow\/?s={search_term_string}"},"query-input":{"@type":"PropertyValueSpecification","valueRequired":true,"valueName":"search_term_string"}}],"inLanguage":"pl-PL"},{"@type":"Organization","@id":"https:\/\/dev.shedcoliving.com\/krakow\/#organization","name":"Shed Co-living","url":"https:\/\/dev.shedcoliving.com\/krakow\/","logo":{"@type":"ImageObject","inLanguage":"pl-PL","@id":"https:\/\/dev.shedcoliving.com\/krakow\/#\/schema\/logo\/image\/","url":"https:\/\/dev.shedcoliving.com\/krakow\/wp-content\/uploads\/2024\/12\/logo-black.svg","contentUrl":"https:\/\/dev.shedcoliving.com\/krakow\/wp-content\/uploads\/2024\/12\/logo-black.svg","width":937,"height":347,"caption":"Shed Co-living"},"image":{"@id":"https:\/\/dev.shedcoliving.com\/krakow\/#\/schema\/logo\/image\/"},"sameAs":["https:\/\/www.facebook.com\/shedcolivingvilnius\/","https:\/\/www.instagram.com\/shed_vilnius\/"]}]}},"_links":{"self":[{"href":"https:\/\/dev.shedcoliving.com\/krakow\/pl\/wp-json\/wp\/v2\/pages\/10328","targetHints":{"allow":["GET"]}}],"collection":[{"href":"https:\/\/dev.shedcoliving.com\/krakow\/pl\/wp-json\/wp\/v2\/pages"}],"about":[{"href":"https:\/\/dev.shedcoliving.com\/krakow\/pl\/wp-json\/wp\/v2\/types\/page"}],"author":[{"embeddable":true,"href":"https:\/\/dev.shedcoliving.com\/krakow\/pl\/wp-json\/wp\/v2\/users\/1"}],"replies":[{"embeddable":true,"href":"https:\/\/dev.shedcoliving.com\/krakow\/pl\/wp-json\/wp\/v2\/comments?post=10328"}],"version-history":[{"count":3,"href":"https:\/\/dev.shedcoliving.com\/krakow\/pl\/wp-json\/wp\/v2\/pages\/10328\/revisions"}],"predecessor-version":[{"id":10440,"href":"https:\/\/dev.shedcoliving.com\/krakow\/pl\/wp-json\/wp\/v2\/pages\/10328\/revisions\/10440"}],"wp:attachment":[{"href":"https:\/\/dev.shedcoliving.com\/krakow\/pl\/wp-json\/wp\/v2\/media?parent=10328"}],"curies":[{"name":"wp","href":"https:\/\/api.w.org\/{rel}","templated":true}]}}